{"id":1186,"date":"2022-06-15T09:26:18","date_gmt":"2022-06-15T09:26:18","guid":{"rendered":"https:\/\/appverde.pt\/?page_id=1186"},"modified":"2022-06-15T09:26:41","modified_gmt":"2022-06-15T09:26:41","slug":"inclusao-social","status":"publish","type":"page","link":"https:\/\/appverde.pt\/?page_id=1186","title":{"rendered":"INCLUS\u00c3O SOCIAL"},"content":{"rendered":"\n<p>Inclus\u00e3o social \u00e9 o\u00a0<strong>conjunto de a\u00e7\u00f5es que garante a participa\u00e7\u00e3o igualit\u00e1ria de todos na sociedade<\/strong>, independente da classe social, da condi\u00e7\u00e3o f\u00edsica, da educa\u00e7\u00e3o, do g\u00eanero, da orienta\u00e7\u00e3o sexual, da etnia, entre outros aspetos.<\/p>\n\n\n\n<p>Antes que as medidas de inclus\u00e3o social sejam formuladas e aplicadas, \u00e9 necess\u00e1rio observar quais s\u00e3o os grupos exclu\u00eddos e o que deve ser melhorado para que possam estar plenamente inseridos na sociedade.<\/p>\n\n\n\n<p>Por exemplo, os deficientes f\u00edsicos (principalmente os cadeirantes) precisam que as cal\u00e7adas p\u00fablicas estejam em boas condi\u00e7\u00f5es e que tenham rampas. Caso contr\u00e1rio, essas pessoas passam a n\u00e3o se sentirem representadas na pr\u00f3pria sociedade em que vivem, pois suas necessidades s\u00e3o simplesmente ignoradas.<\/p>\n\n\n\n<p>Construir rampas que facilitem o acesso dos deficientes f\u00edsicos \u00e0s cal\u00e7adas passa a ser um\u00a0<strong>exemplo de inclus\u00e3o social<\/strong>, pois consiste numa medida que tem como objetivo promover a integra\u00e7\u00e3o harmoniosa de um grupo, a princ\u00edpio marginalizado, na sociedade.<\/p>\n","protected":false},"excerpt":{"rendered":"<p>Inclus\u00e3o social \u00e9 o\u00a0conjunto de a\u00e7\u00f5es que garante a participa\u00e7\u00e3o igualit\u00e1ria de todos na sociedade, independente da classe social, da condi\u00e7\u00e3o f\u00edsica, da educa\u00e7\u00e3o, do g\u00eanero, da orienta\u00e7\u00e3o sexual, da etnia, entre outros aspetos. Antes que as medidas de inclus\u00e3o social sejam formuladas e aplicadas, \u00e9 necess\u00e1rio observar quais s\u00e3o&hellip;<\/p>\n","protected":false},"author":1,"featured_media":0,"parent":0,"menu_order":0,"comment_status":"closed","ping_status":"closed","template":"","meta":{"two_page_speed":[],"footnotes":""},"class_list":["post-1186","page","type-page","status-publish","hentry"],"yoast_head":"<!-- This site is optimized with the Yoast SEO plugin v27.5 - https:\/\/yoast.com\/product\/yoast-seo-wordpress\/ -->\n<title>INCLUS\u00c3O SOCIAL - APPVIDA<\/title>\n<meta name=\"robots\" content=\"index, follow, max-snippet:-1, max-image-preview:large, max-video-preview:-1\" \/>\n<link rel=\"canonical\" href=\"https:\/\/appverde.pt\/?page_id=1186\" \/>\n<meta property=\"og:locale\" content=\"pt_PT\" \/>\n<meta property=\"og:type\" content=\"article\" \/>\n<meta property=\"og:title\" content=\"INCLUS\u00c3O SOCIAL - APPVIDA\" \/>\n<meta property=\"og:description\" content=\"Inclus\u00e3o social \u00e9 o\u00a0conjunto de a\u00e7\u00f5es que garante a participa\u00e7\u00e3o igualit\u00e1ria de todos na sociedade, independente da classe social, da condi\u00e7\u00e3o f\u00edsica, da educa\u00e7\u00e3o, do g\u00eanero, da orienta\u00e7\u00e3o sexual, da etnia, entre outros aspetos. Antes que as medidas de inclus\u00e3o social sejam formuladas e aplicadas, \u00e9 necess\u00e1rio observar quais s\u00e3o&hellip;\" \/>\n<meta property=\"og:url\" content=\"https:\/\/appverde.pt\/?page_id=1186\" \/>\n<meta property=\"og:site_name\" content=\"APPVIDA\" \/>\n<meta property=\"article:publisher\" content=\"https:\/\/www.facebook.com\/APPVERDE\/\" \/>\n<meta property=\"article:modified_time\" content=\"2022-06-15T09:26:41+00:00\" \/>\n<meta name=\"twitter:card\" content=\"summary_large_image\" \/>\n<meta name=\"twitter:label1\" content=\"Tempo estimado de leitura\" \/>\n\t<meta name=\"twitter:data1\" content=\"1 minuto\" \/>\n<script type=\"application\/ld+json\" class=\"yoast-schema-graph\">{\"@context\":\"https:\\\/\\\/schema.org\",\"@graph\":[{\"@type\":\"WebPage\",\"@id\":\"https:\\\/\\\/appverde.pt\\\/?page_id=1186\",\"url\":\"https:\\\/\\\/appverde.pt\\\/?page_id=1186\",\"name\":\"INCLUS\u00c3O SOCIAL - APPVIDA\",\"isPartOf\":{\"@id\":\"https:\\\/\\\/appverde.pt\\\/#website\"},\"datePublished\":\"2022-06-15T09:26:18+00:00\",\"dateModified\":\"2022-06-15T09:26:41+00:00\",\"breadcrumb\":{\"@id\":\"https:\\\/\\\/appverde.pt\\\/?page_id=1186#breadcrumb\"},\"inLanguage\":\"pt-PT\",\"potentialAction\":[{\"@type\":\"ReadAction\",\"target\":[\"https:\\\/\\\/appverde.pt\\\/?page_id=1186\"]}]},{\"@type\":\"BreadcrumbList\",\"@id\":\"https:\\\/\\\/appverde.pt\\\/?page_id=1186#breadcrumb\",\"itemListElement\":[{\"@type\":\"ListItem\",\"position\":1,\"name\":\"In\u00edcio\",\"item\":\"https:\\\/\\\/appverde.pt\\\/\"},{\"@type\":\"ListItem\",\"position\":2,\"name\":\"INCLUS\u00c3O SOCIAL\"}]},{\"@type\":\"WebSite\",\"@id\":\"https:\\\/\\\/appverde.pt\\\/#website\",\"url\":\"https:\\\/\\\/appverde.pt\\\/\",\"name\":\"APPVIDA\",\"description\":\"EMPRESA SOCIAL DE INSER\u00c7\u00c3O PELO TRABALHO\",\"publisher\":{\"@id\":\"https:\\\/\\\/appverde.pt\\\/#organization\"},\"potentialAction\":[{\"@type\":\"SearchAction\",\"target\":{\"@type\":\"EntryPoint\",\"urlTemplate\":\"https:\\\/\\\/appverde.pt\\\/?s={search_term_string}\"},\"query-input\":{\"@type\":\"PropertyValueSpecification\",\"valueRequired\":true,\"valueName\":\"search_term_string\"}}],\"inLanguage\":\"pt-PT\"},{\"@type\":\"Organization\",\"@id\":\"https:\\\/\\\/appverde.pt\\\/#organization\",\"name\":\"APPVERDE\",\"url\":\"https:\\\/\\\/appverde.pt\\\/\",\"logo\":{\"@type\":\"ImageObject\",\"inLanguage\":\"pt-PT\",\"@id\":\"https:\\\/\\\/appverde.pt\\\/#\\\/schema\\\/logo\\\/image\\\/\",\"url\":\"https:\\\/\\\/appverde.pt\\\/wp-content\\\/uploads\\\/2022\\\/05\\\/cropped-cropped-Emp_2-removebg-preview-1.png\",\"contentUrl\":\"https:\\\/\\\/appverde.pt\\\/wp-content\\\/uploads\\\/2022\\\/05\\\/cropped-cropped-Emp_2-removebg-preview-1.png\",\"width\":1000,\"height\":930,\"caption\":\"APPVERDE\"},\"image\":{\"@id\":\"https:\\\/\\\/appverde.pt\\\/#\\\/schema\\\/logo\\\/image\\\/\"},\"sameAs\":[\"https:\\\/\\\/www.facebook.com\\\/APPVERDE\\\/\"]}]}<\/script>\n<!-- \/ Yoast SEO plugin. -->","yoast_head_json":{"title":"INCLUS\u00c3O SOCIAL - APPVIDA","robots":{"index":"index","follow":"follow","max-snippet":"max-snippet:-1","max-image-preview":"max-image-preview:large","max-video-preview":"max-video-preview:-1"},"canonical":"https:\/\/appverde.pt\/?page_id=1186","og_locale":"pt_PT","og_type":"article","og_title":"INCLUS\u00c3O SOCIAL - APPVIDA","og_description":"Inclus\u00e3o social \u00e9 o\u00a0conjunto de a\u00e7\u00f5es que garante a participa\u00e7\u00e3o igualit\u00e1ria de todos na sociedade, independente da classe social, da condi\u00e7\u00e3o f\u00edsica, da educa\u00e7\u00e3o, do g\u00eanero, da orienta\u00e7\u00e3o sexual, da etnia, entre outros aspetos. Antes que as medidas de inclus\u00e3o social sejam formuladas e aplicadas, \u00e9 necess\u00e1rio observar quais s\u00e3o&hellip;","og_url":"https:\/\/appverde.pt\/?page_id=1186","og_site_name":"APPVIDA","article_publisher":"https:\/\/www.facebook.com\/APPVERDE\/","article_modified_time":"2022-06-15T09:26:41+00:00","twitter_card":"summary_large_image","twitter_misc":{"Tempo estimado de leitura":"1 minuto"},"schema":{"@context":"https:\/\/schema.org","@graph":[{"@type":"WebPage","@id":"https:\/\/appverde.pt\/?page_id=1186","url":"https:\/\/appverde.pt\/?page_id=1186","name":"INCLUS\u00c3O SOCIAL - APPVIDA","isPartOf":{"@id":"https:\/\/appverde.pt\/#website"},"datePublished":"2022-06-15T09:26:18+00:00","dateModified":"2022-06-15T09:26:41+00:00","breadcrumb":{"@id":"https:\/\/appverde.pt\/?page_id=1186#breadcrumb"},"inLanguage":"pt-PT","potentialAction":[{"@type":"ReadAction","target":["https:\/\/appverde.pt\/?page_id=1186"]}]},{"@type":"BreadcrumbList","@id":"https:\/\/appverde.pt\/?page_id=1186#breadcrumb","itemListElement":[{"@type":"ListItem","position":1,"name":"In\u00edcio","item":"https:\/\/appverde.pt\/"},{"@type":"ListItem","position":2,"name":"INCLUS\u00c3O SOCIAL"}]},{"@type":"WebSite","@id":"https:\/\/appverde.pt\/#website","url":"https:\/\/appverde.pt\/","name":"APPVIDA","description":"EMPRESA SOCIAL DE INSER\u00c7\u00c3O PELO TRABALHO","publisher":{"@id":"https:\/\/appverde.pt\/#organization"},"potentialAction":[{"@type":"SearchAction","target":{"@type":"EntryPoint","urlTemplate":"https:\/\/appverde.pt\/?s={search_term_string}"},"query-input":{"@type":"PropertyValueSpecification","valueRequired":true,"valueName":"search_term_string"}}],"inLanguage":"pt-PT"},{"@type":"Organization","@id":"https:\/\/appverde.pt\/#organization","name":"APPVERDE","url":"https:\/\/appverde.pt\/","logo":{"@type":"ImageObject","inLanguage":"pt-PT","@id":"https:\/\/appverde.pt\/#\/schema\/logo\/image\/","url":"https:\/\/appverde.pt\/wp-content\/uploads\/2022\/05\/cropped-cropped-Emp_2-removebg-preview-1.png","contentUrl":"https:\/\/appverde.pt\/wp-content\/uploads\/2022\/05\/cropped-cropped-Emp_2-removebg-preview-1.png","width":1000,"height":930,"caption":"APPVERDE"},"image":{"@id":"https:\/\/appverde.pt\/#\/schema\/logo\/image\/"},"sameAs":["https:\/\/www.facebook.com\/APPVERDE\/"]}]}},"_links":{"self":[{"href":"https:\/\/appverde.pt\/index.php?rest_route=\/wp\/v2\/pages\/1186","targetHints":{"allow":["GET"]}}],"collection":[{"href":"https:\/\/appverde.pt\/index.php?rest_route=\/wp\/v2\/pages"}],"about":[{"href":"https:\/\/appverde.pt\/index.php?rest_route=\/wp\/v2\/types\/page"}],"author":[{"embeddable":true,"href":"https:\/\/appverde.pt\/index.php?rest_route=\/wp\/v2\/users\/1"}],"replies":[{"embeddable":true,"href":"https:\/\/appverde.pt\/index.php?rest_route=%2Fwp%2Fv2%2Fcomments&post=1186"}],"version-history":[{"count":2,"href":"https:\/\/appverde.pt\/index.php?rest_route=\/wp\/v2\/pages\/1186\/revisions"}],"predecessor-version":[{"id":1188,"href":"https:\/\/appverde.pt\/index.php?rest_route=\/wp\/v2\/pages\/1186\/revisions\/1188"}],"wp:attachment":[{"href":"https:\/\/appverde.pt\/index.php?rest_route=%2Fwp%2Fv2%2Fmedia&parent=1186"}],"curies":[{"name":"wp","href":"https:\/\/api.w.org\/{rel}","templated":true}]}}