{"id":1190,"date":"2022-06-15T09:31:46","date_gmt":"2022-06-15T09:31:46","guid":{"rendered":"https:\/\/appverde.pt\/?page_id=1190"},"modified":"2022-06-15T10:33:41","modified_gmt":"2022-06-15T10:33:41","slug":"appverde","status":"publish","type":"page","link":"https:\/\/appverde.pt\/?page_id=1190","title":{"rendered":"APPVERDE"},"content":{"rendered":"\n<p><\/p>\n\n\n\n<h2 class=\"has-text-align-center wp-block-heading\">APPV&#8217;ERDE<\/h2>\n\n\n\n<figure class=\"wp-block-image aligncenter size-full is-resized\"><img fetchpriority=\"high\" decoding=\"async\" src=\"https:\/\/appverde.pt\/wp-content\/uploads\/2022\/06\/251808845_876605063219581_4658101651830828983_n-1.jpg\" alt=\"\" class=\"wp-image-1081\" width=\"509\" height=\"382\" srcset=\"https:\/\/appverde.pt\/wp-content\/uploads\/2022\/06\/251808845_876605063219581_4658101651830828983_n-1.jpg 1008w, https:\/\/appverde.pt\/wp-content\/uploads\/2022\/06\/251808845_876605063219581_4658101651830828983_n-1-600x450.jpg 600w, https:\/\/appverde.pt\/wp-content\/uploads\/2022\/06\/251808845_876605063219581_4658101651830828983_n-1-300x225.jpg 300w, https:\/\/appverde.pt\/wp-content\/uploads\/2022\/06\/251808845_876605063219581_4658101651830828983_n-1-768x576.jpg 768w\" sizes=\"(max-width: 509px) 100vw, 509px\" \/><\/figure>\n\n\n\n<p class=\"has-text-align-center\"><strong>APPV\u2019ERDE<\/strong>&nbsp;\u00e9 mais que uma normal empresa de jardinagem. \u00c9 uma organiza\u00e7\u00e3o que conta com 18 anos de experi\u00eancia e que surge desde 2018 com uma marca e identidade renovadas, indo ao encontro das exig\u00eancias do mercado atual.<\/p>\n\n\n\n<p class=\"has-text-align-center\">A aposta na forma\u00e7\u00e3o profissional, a gest\u00e3o rigorosa de recursos humanos, financeiros e dos fatores de produ\u00e7\u00e3o traduz-se numa evolu\u00e7\u00e3o continua e estruturada da&nbsp;<strong>APPV\u2019ERDE<\/strong>, evidenciada no grau de satisfa\u00e7\u00e3o dos nossos clientes, na minimiza\u00e7\u00e3o dos custos de execu\u00e7\u00e3o dos projetos e no reconhecimento, por parte dos concorrentes no mercado, da qualidade do servi\u00e7o da nossa empresa.<\/p>\n","protected":false},"excerpt":{"rendered":"<p>APPV&#8217;ERDE APPV\u2019ERDE&nbsp;\u00e9 mais que uma normal empresa de jardinagem. \u00c9 uma organiza\u00e7\u00e3o que conta com 18 anos de experi\u00eancia e que surge desde 2018 com uma marca e identidade renovadas, indo ao encontro das exig\u00eancias do mercado atual. A aposta na forma\u00e7\u00e3o profissional, a gest\u00e3o rigorosa de recursos humanos, financeiros&hellip;<\/p>\n","protected":false},"author":1,"featured_media":0,"parent":0,"menu_order":0,"comment_status":"closed","ping_status":"closed","template":"template-pagebuilder.php","meta":{"two_page_speed":[],"footnotes":""},"class_list":["post-1190","page","type-page","status-publish","hentry"],"yoast_head":"<!-- This site is optimized with the Yoast SEO plugin v27.4 - https:\/\/yoast.com\/product\/yoast-seo-wordpress\/ -->\n<title>APPVERDE - APPVIDA<\/title>\n<meta name=\"robots\" content=\"index, follow, max-snippet:-1, max-image-preview:large, max-video-preview:-1\" \/>\n<link rel=\"canonical\" href=\"https:\/\/appverde.pt\/?page_id=1190\" \/>\n<meta property=\"og:locale\" content=\"pt_PT\" \/>\n<meta property=\"og:type\" content=\"article\" \/>\n<meta property=\"og:title\" content=\"APPVERDE - APPVIDA\" \/>\n<meta property=\"og:description\" content=\"APPV&#8217;ERDE APPV\u2019ERDE&nbsp;\u00e9 mais que uma normal empresa de jardinagem. \u00c9 uma organiza\u00e7\u00e3o que conta com 18 anos de experi\u00eancia e que surge desde 2018 com uma marca e identidade renovadas, indo ao encontro das exig\u00eancias do mercado atual. A aposta na forma\u00e7\u00e3o profissional, a gest\u00e3o rigorosa de recursos humanos, financeiros&hellip;\" \/>\n<meta property=\"og:url\" content=\"https:\/\/appverde.pt\/?page_id=1190\" \/>\n<meta property=\"og:site_name\" content=\"APPVIDA\" \/>\n<meta property=\"article:publisher\" content=\"https:\/\/www.facebook.com\/APPVERDE\/\" \/>\n<meta property=\"article:modified_time\" content=\"2022-06-15T10:33:41+00:00\" \/>\n<meta property=\"og:image\" content=\"https:\/\/appverde.pt\/wp-content\/uploads\/2022\/06\/251808845_876605063219581_4658101651830828983_n-1.jpg\" \/>\n<meta name=\"twitter:card\" content=\"summary_large_image\" \/>\n<meta name=\"twitter:label1\" content=\"Tempo estimado de leitura\" \/>\n\t<meta name=\"twitter:data1\" content=\"1 minuto\" \/>\n<script type=\"application\/ld+json\" class=\"yoast-schema-graph\">{\"@context\":\"https:\\\/\\\/schema.org\",\"@graph\":[{\"@type\":\"WebPage\",\"@id\":\"https:\\\/\\\/appverde.pt\\\/?page_id=1190\",\"url\":\"https:\\\/\\\/appverde.pt\\\/?page_id=1190\",\"name\":\"APPVERDE - APPVIDA\",\"isPartOf\":{\"@id\":\"https:\\\/\\\/appverde.pt\\\/#website\"},\"primaryImageOfPage\":{\"@id\":\"https:\\\/\\\/appverde.pt\\\/?page_id=1190#primaryimage\"},\"image\":{\"@id\":\"https:\\\/\\\/appverde.pt\\\/?page_id=1190#primaryimage\"},\"thumbnailUrl\":\"https:\\\/\\\/appverde.pt\\\/wp-content\\\/uploads\\\/2022\\\/06\\\/251808845_876605063219581_4658101651830828983_n-1.jpg\",\"datePublished\":\"2022-06-15T09:31:46+00:00\",\"dateModified\":\"2022-06-15T10:33:41+00:00\",\"breadcrumb\":{\"@id\":\"https:\\\/\\\/appverde.pt\\\/?page_id=1190#breadcrumb\"},\"inLanguage\":\"pt-PT\",\"potentialAction\":[{\"@type\":\"ReadAction\",\"target\":[\"https:\\\/\\\/appverde.pt\\\/?page_id=1190\"]}]},{\"@type\":\"ImageObject\",\"inLanguage\":\"pt-PT\",\"@id\":\"https:\\\/\\\/appverde.pt\\\/?page_id=1190#primaryimage\",\"url\":\"https:\\\/\\\/appverde.pt\\\/wp-content\\\/uploads\\\/2022\\\/06\\\/251808845_876605063219581_4658101651830828983_n-1.jpg\",\"contentUrl\":\"https:\\\/\\\/appverde.pt\\\/wp-content\\\/uploads\\\/2022\\\/06\\\/251808845_876605063219581_4658101651830828983_n-1.jpg\",\"width\":1008,\"height\":756},{\"@type\":\"BreadcrumbList\",\"@id\":\"https:\\\/\\\/appverde.pt\\\/?page_id=1190#breadcrumb\",\"itemListElement\":[{\"@type\":\"ListItem\",\"position\":1,\"name\":\"In\u00edcio\",\"item\":\"https:\\\/\\\/appverde.pt\\\/\"},{\"@type\":\"ListItem\",\"position\":2,\"name\":\"APPVERDE\"}]},{\"@type\":\"WebSite\",\"@id\":\"https:\\\/\\\/appverde.pt\\\/#website\",\"url\":\"https:\\\/\\\/appverde.pt\\\/\",\"name\":\"APPVIDA\",\"description\":\"EMPRESA SOCIAL DE INSER\u00c7\u00c3O PELO TRABALHO\",\"publisher\":{\"@id\":\"https:\\\/\\\/appverde.pt\\\/#organization\"},\"potentialAction\":[{\"@type\":\"SearchAction\",\"target\":{\"@type\":\"EntryPoint\",\"urlTemplate\":\"https:\\\/\\\/appverde.pt\\\/?s={search_term_string}\"},\"query-input\":{\"@type\":\"PropertyValueSpecification\",\"valueRequired\":true,\"valueName\":\"search_term_string\"}}],\"inLanguage\":\"pt-PT\"},{\"@type\":\"Organization\",\"@id\":\"https:\\\/\\\/appverde.pt\\\/#organization\",\"name\":\"APPVERDE\",\"url\":\"https:\\\/\\\/appverde.pt\\\/\",\"logo\":{\"@type\":\"ImageObject\",\"inLanguage\":\"pt-PT\",\"@id\":\"https:\\\/\\\/appverde.pt\\\/#\\\/schema\\\/logo\\\/image\\\/\",\"url\":\"https:\\\/\\\/appverde.pt\\\/wp-content\\\/uploads\\\/2022\\\/05\\\/cropped-cropped-Emp_2-removebg-preview-1.png\",\"contentUrl\":\"https:\\\/\\\/appverde.pt\\\/wp-content\\\/uploads\\\/2022\\\/05\\\/cropped-cropped-Emp_2-removebg-preview-1.png\",\"width\":1000,\"height\":930,\"caption\":\"APPVERDE\"},\"image\":{\"@id\":\"https:\\\/\\\/appverde.pt\\\/#\\\/schema\\\/logo\\\/image\\\/\"},\"sameAs\":[\"https:\\\/\\\/www.facebook.com\\\/APPVERDE\\\/\"]}]}<\/script>\n<!-- \/ Yoast SEO plugin. -->","yoast_head_json":{"title":"APPVERDE - APPVIDA","robots":{"index":"index","follow":"follow","max-snippet":"max-snippet:-1","max-image-preview":"max-image-preview:large","max-video-preview":"max-video-preview:-1"},"canonical":"https:\/\/appverde.pt\/?page_id=1190","og_locale":"pt_PT","og_type":"article","og_title":"APPVERDE - APPVIDA","og_description":"APPV&#8217;ERDE APPV\u2019ERDE&nbsp;\u00e9 mais que uma normal empresa de jardinagem. \u00c9 uma organiza\u00e7\u00e3o que conta com 18 anos de experi\u00eancia e que surge desde 2018 com uma marca e identidade renovadas, indo ao encontro das exig\u00eancias do mercado atual. A aposta na forma\u00e7\u00e3o profissional, a gest\u00e3o rigorosa de recursos humanos, financeiros&hellip;","og_url":"https:\/\/appverde.pt\/?page_id=1190","og_site_name":"APPVIDA","article_publisher":"https:\/\/www.facebook.com\/APPVERDE\/","article_modified_time":"2022-06-15T10:33:41+00:00","og_image":[{"url":"https:\/\/appverde.pt\/wp-content\/uploads\/2022\/06\/251808845_876605063219581_4658101651830828983_n-1.jpg","type":"","width":"","height":""}],"twitter_card":"summary_large_image","twitter_misc":{"Tempo estimado de leitura":"1 minuto"},"schema":{"@context":"https:\/\/schema.org","@graph":[{"@type":"WebPage","@id":"https:\/\/appverde.pt\/?page_id=1190","url":"https:\/\/appverde.pt\/?page_id=1190","name":"APPVERDE - APPVIDA","isPartOf":{"@id":"https:\/\/appverde.pt\/#website"},"primaryImageOfPage":{"@id":"https:\/\/appverde.pt\/?page_id=1190#primaryimage"},"image":{"@id":"https:\/\/appverde.pt\/?page_id=1190#primaryimage"},"thumbnailUrl":"https:\/\/appverde.pt\/wp-content\/uploads\/2022\/06\/251808845_876605063219581_4658101651830828983_n-1.jpg","datePublished":"2022-06-15T09:31:46+00:00","dateModified":"2022-06-15T10:33:41+00:00","breadcrumb":{"@id":"https:\/\/appverde.pt\/?page_id=1190#breadcrumb"},"inLanguage":"pt-PT","potentialAction":[{"@type":"ReadAction","target":["https:\/\/appverde.pt\/?page_id=1190"]}]},{"@type":"ImageObject","inLanguage":"pt-PT","@id":"https:\/\/appverde.pt\/?page_id=1190#primaryimage","url":"https:\/\/appverde.pt\/wp-content\/uploads\/2022\/06\/251808845_876605063219581_4658101651830828983_n-1.jpg","contentUrl":"https:\/\/appverde.pt\/wp-content\/uploads\/2022\/06\/251808845_876605063219581_4658101651830828983_n-1.jpg","width":1008,"height":756},{"@type":"BreadcrumbList","@id":"https:\/\/appverde.pt\/?page_id=1190#breadcrumb","itemListElement":[{"@type":"ListItem","position":1,"name":"In\u00edcio","item":"https:\/\/appverde.pt\/"},{"@type":"ListItem","position":2,"name":"APPVERDE"}]},{"@type":"WebSite","@id":"https:\/\/appverde.pt\/#website","url":"https:\/\/appverde.pt\/","name":"APPVIDA","description":"EMPRESA SOCIAL DE INSER\u00c7\u00c3O PELO TRABALHO","publisher":{"@id":"https:\/\/appverde.pt\/#organization"},"potentialAction":[{"@type":"SearchAction","target":{"@type":"EntryPoint","urlTemplate":"https:\/\/appverde.pt\/?s={search_term_string}"},"query-input":{"@type":"PropertyValueSpecification","valueRequired":true,"valueName":"search_term_string"}}],"inLanguage":"pt-PT"},{"@type":"Organization","@id":"https:\/\/appverde.pt\/#organization","name":"APPVERDE","url":"https:\/\/appverde.pt\/","logo":{"@type":"ImageObject","inLanguage":"pt-PT","@id":"https:\/\/appverde.pt\/#\/schema\/logo\/image\/","url":"https:\/\/appverde.pt\/wp-content\/uploads\/2022\/05\/cropped-cropped-Emp_2-removebg-preview-1.png","contentUrl":"https:\/\/appverde.pt\/wp-content\/uploads\/2022\/05\/cropped-cropped-Emp_2-removebg-preview-1.png","width":1000,"height":930,"caption":"APPVERDE"},"image":{"@id":"https:\/\/appverde.pt\/#\/schema\/logo\/image\/"},"sameAs":["https:\/\/www.facebook.com\/APPVERDE\/"]}]}},"_links":{"self":[{"href":"https:\/\/appverde.pt\/index.php?rest_route=\/wp\/v2\/pages\/1190","targetHints":{"allow":["GET"]}}],"collection":[{"href":"https:\/\/appverde.pt\/index.php?rest_route=\/wp\/v2\/pages"}],"about":[{"href":"https:\/\/appverde.pt\/index.php?rest_route=\/wp\/v2\/types\/page"}],"author":[{"embeddable":true,"href":"https:\/\/appverde.pt\/index.php?rest_route=\/wp\/v2\/users\/1"}],"replies":[{"embeddable":true,"href":"https:\/\/appverde.pt\/index.php?rest_route=%2Fwp%2Fv2%2Fcomments&post=1190"}],"version-history":[{"count":4,"href":"https:\/\/appverde.pt\/index.php?rest_route=\/wp\/v2\/pages\/1190\/revisions"}],"predecessor-version":[{"id":1196,"href":"https:\/\/appverde.pt\/index.php?rest_route=\/wp\/v2\/pages\/1190\/revisions\/1196"}],"wp:attachment":[{"href":"https:\/\/appverde.pt\/index.php?rest_route=%2Fwp%2Fv2%2Fmedia&parent=1190"}],"curies":[{"name":"wp","href":"https:\/\/api.w.org\/{rel}","templated":true}]}}