{"id":199,"date":"2018-02-28T07:02:35","date_gmt":"2018-02-28T07:02:35","guid":{"rendered":"http:\/\/offshorethemes.com\/demo\/sparkconstruction\/?page_id=199"},"modified":"2022-06-15T10:46:59","modified_gmt":"2022-06-15T10:46:59","slug":"about","status":"publish","type":"page","link":"https:\/\/appverde.pt\/?page_id=199","title":{"rendered":"QUEM SOMOS"},"content":{"rendered":"\t\t<div data-elementor-type=\"wp-page\" data-elementor-id=\"199\" class=\"elementor elementor-199\">\n\t\t\t\t\t\t<section class=\"elementor-section elementor-top-section elementor-element elementor-element-fd9f6dd elementor-section-boxed elementor-section-height-default elementor-section-height-default\" data-id=\"fd9f6dd\" data-element_type=\"section\" data-e-type=\"section\" data-settings=\"{&quot;background_background&quot;:&quot;classic&quot;,&quot;shape_divider_bottom&quot;:&quot;clouds&quot;}\">\n\t\t\t\t\t<div class=\"elementor-shape elementor-shape-bottom\" aria-hidden=\"true\" data-negative=\"false\">\n\t\t\t<svg xmlns=\"http:\/\/www.w3.org\/2000\/svg\" viewBox=\"0 0 283.5 27.8\" preserveAspectRatio=\"xMidYMax slice\">\n  <path class=\"elementor-shape-fill\" d=\"M0 0v6.7c1.9-.8 4.7-1.4 8.5-1 9.5 1.1 11.1 6 11.1 6s2.1-.7 4.3-.2c2.1.5 2.8 2.6 2.8 2.6s.2-.5 1.4-.7c1.2-.2 1.7.2 1.7.2s0-2.1 1.9-2.8c1.9-.7 3.6.7 3.6.7s.7-2.9 3.1-4.1 4.7 0 4.7 0 1.2-.5 2.4 0 1.7 1.4 1.7 1.4h1.4c.7 0 1.2.7 1.2.7s.8-1.8 4-2.2c3.5-.4 5.3 2.4 6.2 4.4.4-.4 1-.7 1.8-.9 2.8-.7 4 .7 4 .7s1.7-5 11.1-6c9.5-1.1 12.3 3.9 12.3 3.9s1.2-4.8 5.7-5.7c4.5-.9 6.8 1.8 6.8 1.8s.6-.6 1.5-.9c.9-.2 1.9-.2 1.9-.2s5.2-6.4 12.6-3.3c7.3 3.1 4.7 9 4.7 9s1.9-.9 4 0 2.8 2.4 2.8 2.4 1.9-1.2 4.5-1.2 4.3 1.2 4.3 1.2.2-1 1.4-1.7 2.1-.7 2.1-.7-.5-3.1 2.1-5.5 5.7-1.4 5.7-1.4 1.5-2.3 4.2-1.1c2.7 1.2 1.7 5.2 1.7 5.2s.3-.1 1.3.5c.5.4.8.8.9 1.1.5-1.4 2.4-5.8 8.4-4 7.1 2.1 3.5 8.9 3.5 8.9s.8-.4 2 0 1.1 1.1 1.1 1.1 1.1-1.1 2.3-1.1 2.1.5 2.1.5 1.9-3.6 6.2-1.2 1.9 6.4 1.9 6.4 2.6-2.4 7.4 0c3.4 1.7 3.9 4.9 3.9 4.9s3.3-6.9 10.4-7.9 11.5 2.6 11.5 2.6.8 0 1.2.2c.4.2.9.9.9.9s4.4-3.1 8.3.2c1.9 1.7 1.5 5 1.5 5s.3-1.1 1.6-1.4c1.3-.3 2.3.2 2.3.2s-.1-1.2.5-1.9 1.9-.9 1.9-.9-4.7-9.3 4.4-13.4c5.6-2.5 9.2.9 9.2.9s5-6.2 15.9-6.2 16.1 8.1 16.1 8.1.7-.2 1.6-.4V0H0z\"\/>\n<\/svg>\n\t\t<\/div>\n\t\t\t\t\t<div class=\"elementor-container elementor-column-gap-default\">\n\t\t\t\t\t<div class=\"elementor-column elementor-col-100 elementor-top-column elementor-element elementor-element-d8dc2d5\" data-id=\"d8dc2d5\" data-element_type=\"column\" data-e-type=\"column\">\n\t\t\t<div class=\"elementor-widget-wrap elementor-element-populated\">\n\t\t\t\t\t\t<section class=\"elementor-section elementor-inner-section elementor-element elementor-element-da0648d elementor-section-boxed elementor-section-height-default elementor-section-height-default\" data-id=\"da0648d\" data-element_type=\"section\" data-e-type=\"section\">\n\t\t\t\t\t\t<div class=\"elementor-container elementor-column-gap-default\">\n\t\t\t\t\t<div class=\"elementor-column elementor-col-33 elementor-inner-column elementor-element elementor-element-d95f447\" data-id=\"d95f447\" data-element_type=\"column\" data-e-type=\"column\">\n\t\t\t<div class=\"elementor-widget-wrap elementor-element-populated\">\n\t\t\t\t\t\t<div class=\"elementor-element elementor-element-c8dbc0f elementor-widget elementor-widget-counter\" data-id=\"c8dbc0f\" data-element_type=\"widget\" data-e-type=\"widget\" data-widget_type=\"counter.default\">\n\t\t\t\t\t\t\t<div class=\"elementor-counter\">\n\t\t\t<div class=\"elementor-counter-title\">PROJECTS COMPLETED<\/div>\t\t\t<div class=\"elementor-counter-number-wrapper\">\n\t\t\t\t<span class=\"elementor-counter-number-prefix\"><\/span>\n\t\t\t\t<span class=\"elementor-counter-number\" data-duration=\"2000\" data-to-value=\"352\" data-from-value=\"0\">0<\/span>\n\t\t\t\t<span class=\"elementor-counter-number-suffix\"><\/span>\n\t\t\t<\/div>\n\t\t<\/div>\n\t\t\t\t\t\t<\/div>\n\t\t\t\t<div class=\"elementor-element elementor-element-e463a6a elementor-widget elementor-widget-counter\" data-id=\"e463a6a\" data-element_type=\"widget\" data-e-type=\"widget\" data-widget_type=\"counter.default\">\n\t\t\t\t\t\t\t<div class=\"elementor-counter\">\n\t\t\t<div class=\"elementor-counter-title\">SATISFIED CLIENTS<\/div>\t\t\t<div class=\"elementor-counter-number-wrapper\">\n\t\t\t\t<span class=\"elementor-counter-number-prefix\"><\/span>\n\t\t\t\t<span class=\"elementor-counter-number\" data-duration=\"2000\" data-to-value=\"567\" data-from-value=\"0\" data-delimiter=\",\">0<\/span>\n\t\t\t\t<span class=\"elementor-counter-number-suffix\"><\/span>\n\t\t\t<\/div>\n\t\t<\/div>\n\t\t\t\t\t\t<\/div>\n\t\t\t\t\t<\/div>\n\t\t<\/div>\n\t\t\t\t<div class=\"elementor-column elementor-col-33 elementor-inner-column elementor-element elementor-element-f2416c9\" data-id=\"f2416c9\" data-element_type=\"column\" data-e-type=\"column\">\n\t\t\t<div class=\"elementor-widget-wrap elementor-element-populated\">\n\t\t\t\t\t\t<div class=\"elementor-element elementor-element-b533883 elementor-widget elementor-widget-counter\" data-id=\"b533883\" data-element_type=\"widget\" data-e-type=\"widget\" data-widget_type=\"counter.default\">\n\t\t\t\t\t\t\t<div class=\"elementor-counter\">\n\t\t\t<div class=\"elementor-counter-title\">MONTHLY REVENUE<\/div>\t\t\t<div class=\"elementor-counter-number-wrapper\">\n\t\t\t\t<span class=\"elementor-counter-number-prefix\"><\/span>\n\t\t\t\t<span class=\"elementor-counter-number\" data-duration=\"2000\" data-to-value=\"656\" data-from-value=\"0\" data-delimiter=\",\">0<\/span>\n\t\t\t\t<span class=\"elementor-counter-number-suffix\"><\/span>\n\t\t\t<\/div>\n\t\t<\/div>\n\t\t\t\t\t\t<\/div>\n\t\t\t\t<div class=\"elementor-element elementor-element-1909bd7 elementor-widget elementor-widget-counter\" data-id=\"1909bd7\" data-element_type=\"widget\" data-e-type=\"widget\" data-widget_type=\"counter.default\">\n\t\t\t\t\t\t\t<div class=\"elementor-counter\">\n\t\t\t<div class=\"elementor-counter-title\">AWARDS WON<\/div>\t\t\t<div class=\"elementor-counter-number-wrapper\">\n\t\t\t\t<span class=\"elementor-counter-number-prefix\"><\/span>\n\t\t\t\t<span class=\"elementor-counter-number\" data-duration=\"2000\" data-to-value=\"60\" data-from-value=\"0\" data-delimiter=\",\">0<\/span>\n\t\t\t\t<span class=\"elementor-counter-number-suffix\"><\/span>\n\t\t\t<\/div>\n\t\t<\/div>\n\t\t\t\t\t\t<\/div>\n\t\t\t\t\t<\/div>\n\t\t<\/div>\n\t\t\t\t<div class=\"elementor-column elementor-col-33 elementor-inner-column elementor-element elementor-element-f867442\" data-id=\"f867442\" data-element_type=\"column\" data-e-type=\"column\">\n\t\t\t<div class=\"elementor-widget-wrap elementor-element-populated\">\n\t\t\t\t\t\t<div class=\"elementor-element elementor-element-cbe2d35 elementor-widget elementor-widget-text-editor\" data-id=\"cbe2d35\" data-element_type=\"widget\" data-e-type=\"widget\" data-widget_type=\"text-editor.default\">\n\t\t\t\t\t\t\t\t\t<p>It is a long established fact that a reader will be distracted by the readable content of a page when looking at its layout. The point of using Lorem Ipsum is that it has a more-or-less normal distribution of letters, as opposed to using &#8216;Content here, content here&#8217;, making it look like readable English.<\/p><p>Many desktop publishing packages and web page editors now use Lorem Ipsum as their default model text, and a search for &#8216;lorem ipsum&#8217; will uncover many web sites still in their infancy. Various versions have evolved over the years, sometimes by accident, sometimes on purpose (injected humour and the like).<\/p>\t\t\t\t\t\t\t\t<\/div>\n\t\t\t\t\t<\/div>\n\t\t<\/div>\n\t\t\t\t\t<\/div>\n\t\t<\/section>\n\t\t\t\t\t<\/div>\n\t\t<\/div>\n\t\t\t\t\t<\/div>\n\t\t<\/section>\n\t\t\t\t<section class=\"elementor-section elementor-top-section elementor-element elementor-element-52e4f9f elementor-section-boxed elementor-section-height-default elementor-section-height-default\" data-id=\"52e4f9f\" data-element_type=\"section\" data-e-type=\"section\">\n\t\t\t\t\t\t<div class=\"elementor-container elementor-column-gap-default\">\n\t\t\t\t\t<div class=\"elementor-column elementor-col-100 elementor-top-column elementor-element elementor-element-aa8d173\" data-id=\"aa8d173\" data-element_type=\"column\" data-e-type=\"column\">\n\t\t\t<div class=\"elementor-widget-wrap elementor-element-populated\">\n\t\t\t\t\t\t<div class=\"elementor-element elementor-element-1e65180 elementor-widget elementor-widget-heading\" data-id=\"1e65180\" data-element_type=\"widget\" data-e-type=\"widget\" data-widget_type=\"heading.default\">\n\t\t\t\t\t<h5 class=\"elementor-heading-title elementor-size-default\">Creative Team<\/h5>\t\t\t\t<\/div>\n\t\t\t\t<div class=\"elementor-element elementor-element-08feaf2 elementor-widget elementor-widget-heading\" data-id=\"08feaf2\" data-element_type=\"widget\" data-e-type=\"widget\" data-widget_type=\"heading.default\">\n\t\t\t\t\t<h2 class=\"elementor-heading-title elementor-size-default\">Meet Our Team<\/h2>\t\t\t\t<\/div>\n\t\t\t\t<section class=\"elementor-section elementor-inner-section elementor-element elementor-element-135aec5 elementor-section-boxed elementor-section-height-default elementor-section-height-default\" data-id=\"135aec5\" data-element_type=\"section\" data-e-type=\"section\">\n\t\t\t\t\t\t<div class=\"elementor-container elementor-column-gap-default\">\n\t\t\t\t\t<div class=\"elementor-column elementor-col-33 elementor-inner-column elementor-element elementor-element-8b7b0fd\" data-id=\"8b7b0fd\" data-element_type=\"column\" data-e-type=\"column\">\n\t\t\t<div class=\"elementor-widget-wrap\">\n\t\t\t\t\t\t\t<\/div>\n\t\t<\/div>\n\t\t\t\t<div class=\"elementor-column elementor-col-33 elementor-inner-column elementor-element elementor-element-e44edca\" data-id=\"e44edca\" data-element_type=\"column\" data-e-type=\"column\">\n\t\t\t<div class=\"elementor-widget-wrap\">\n\t\t\t\t\t\t\t<\/div>\n\t\t<\/div>\n\t\t\t\t<div class=\"elementor-column elementor-col-33 elementor-inner-column elementor-element elementor-element-a052cb7\" data-id=\"a052cb7\" data-element_type=\"column\" data-e-type=\"column\">\n\t\t\t<div class=\"elementor-widget-wrap\">\n\t\t\t\t\t\t\t<\/div>\n\t\t<\/div>\n\t\t\t\t\t<\/div>\n\t\t<\/section>\n\t\t\t\t\t<\/div>\n\t\t<\/div>\n\t\t\t\t\t<\/div>\n\t\t<\/section>\n\t\t\t\t<\/div>\n\t\t","protected":false},"excerpt":{"rendered":"<p>APPV&#8217;ERDE \u00c9 uma empresa social de inser\u00e7\u00e3o pelo trabalho, com sede na&nbsp;Associa\u00e7\u00e3o Portas P\u2019r\u00e0 Vida, em Lamego, e presta servi\u00e7os de irrepreens\u00edvel qualidade nas \u00e1reas da jardinagem e silvicultura. Dada a natureza da interven\u00e7\u00e3o social e sendo um dos objetivos da sua miss\u00e3o, a inser\u00e7\u00e3o pelo trabalho de pessoas com&hellip;<\/p>\n","protected":false},"author":1,"featured_media":0,"parent":0,"menu_order":0,"comment_status":"closed","ping_status":"closed","template":"template-pagebuilder.php","meta":{"two_page_speed":[],"footnotes":""},"class_list":["post-199","page","type-page","status-publish","hentry"],"yoast_head":"<!-- This site is optimized with the Yoast SEO plugin v27.4 - https:\/\/yoast.com\/product\/yoast-seo-wordpress\/ -->\n<title>QUEM SOMOS - APPVIDA<\/title>\n<meta name=\"robots\" content=\"index, follow, max-snippet:-1, max-image-preview:large, max-video-preview:-1\" \/>\n<link rel=\"canonical\" href=\"https:\/\/appverde.pt\/?page_id=199\" \/>\n<meta property=\"og:locale\" content=\"pt_PT\" \/>\n<meta property=\"og:type\" content=\"article\" \/>\n<meta property=\"og:title\" content=\"QUEM SOMOS - APPVIDA\" \/>\n<meta property=\"og:description\" content=\"APPV&#8217;ERDE \u00c9 uma empresa social de inser\u00e7\u00e3o pelo trabalho, com sede na&nbsp;Associa\u00e7\u00e3o Portas P\u2019r\u00e0 Vida, em Lamego, e presta servi\u00e7os de irrepreens\u00edvel qualidade nas \u00e1reas da jardinagem e silvicultura. Dada a natureza da interven\u00e7\u00e3o social e sendo um dos objetivos da sua miss\u00e3o, a inser\u00e7\u00e3o pelo trabalho de pessoas com&hellip;\" \/>\n<meta property=\"og:url\" content=\"https:\/\/appverde.pt\/?page_id=199\" \/>\n<meta property=\"og:site_name\" content=\"APPVIDA\" \/>\n<meta property=\"article:publisher\" content=\"https:\/\/www.facebook.com\/APPVERDE\/\" \/>\n<meta property=\"article:modified_time\" content=\"2022-06-15T10:46:59+00:00\" \/>\n<meta property=\"og:image\" content=\"http:\/\/appverde.pt\/wp-content\/uploads\/2022\/06\/251808845_876605063219581_4658101651830828983_n-1.jpg\" \/>\n<meta name=\"twitter:card\" content=\"summary_large_image\" \/>\n<meta name=\"twitter:label1\" content=\"Tempo estimado de leitura\" \/>\n\t<meta name=\"twitter:data1\" content=\"2 minutos\" \/>\n<script type=\"application\/ld+json\" class=\"yoast-schema-graph\">{\"@context\":\"https:\\\/\\\/schema.org\",\"@graph\":[{\"@type\":\"WebPage\",\"@id\":\"https:\\\/\\\/appverde.pt\\\/?page_id=199\",\"url\":\"https:\\\/\\\/appverde.pt\\\/?page_id=199\",\"name\":\"QUEM SOMOS - APPVIDA\",\"isPartOf\":{\"@id\":\"https:\\\/\\\/appverde.pt\\\/#website\"},\"primaryImageOfPage\":{\"@id\":\"https:\\\/\\\/appverde.pt\\\/?page_id=199#primaryimage\"},\"image\":{\"@id\":\"https:\\\/\\\/appverde.pt\\\/?page_id=199#primaryimage\"},\"thumbnailUrl\":\"http:\\\/\\\/appverde.pt\\\/wp-content\\\/uploads\\\/2022\\\/06\\\/251808845_876605063219581_4658101651830828983_n-1.jpg\",\"datePublished\":\"2018-02-28T07:02:35+00:00\",\"dateModified\":\"2022-06-15T10:46:59+00:00\",\"breadcrumb\":{\"@id\":\"https:\\\/\\\/appverde.pt\\\/?page_id=199#breadcrumb\"},\"inLanguage\":\"pt-PT\",\"potentialAction\":[{\"@type\":\"ReadAction\",\"target\":[\"https:\\\/\\\/appverde.pt\\\/?page_id=199\"]}]},{\"@type\":\"ImageObject\",\"inLanguage\":\"pt-PT\",\"@id\":\"https:\\\/\\\/appverde.pt\\\/?page_id=199#primaryimage\",\"url\":\"https:\\\/\\\/appverde.pt\\\/wp-content\\\/uploads\\\/2022\\\/06\\\/251808845_876605063219581_4658101651830828983_n-1.jpg\",\"contentUrl\":\"https:\\\/\\\/appverde.pt\\\/wp-content\\\/uploads\\\/2022\\\/06\\\/251808845_876605063219581_4658101651830828983_n-1.jpg\",\"width\":1008,\"height\":756},{\"@type\":\"BreadcrumbList\",\"@id\":\"https:\\\/\\\/appverde.pt\\\/?page_id=199#breadcrumb\",\"itemListElement\":[{\"@type\":\"ListItem\",\"position\":1,\"name\":\"In\u00edcio\",\"item\":\"https:\\\/\\\/appverde.pt\\\/\"},{\"@type\":\"ListItem\",\"position\":2,\"name\":\"QUEM SOMOS\"}]},{\"@type\":\"WebSite\",\"@id\":\"https:\\\/\\\/appverde.pt\\\/#website\",\"url\":\"https:\\\/\\\/appverde.pt\\\/\",\"name\":\"APPVIDA\",\"description\":\"EMPRESA SOCIAL DE INSER\u00c7\u00c3O PELO TRABALHO\",\"publisher\":{\"@id\":\"https:\\\/\\\/appverde.pt\\\/#organization\"},\"potentialAction\":[{\"@type\":\"SearchAction\",\"target\":{\"@type\":\"EntryPoint\",\"urlTemplate\":\"https:\\\/\\\/appverde.pt\\\/?s={search_term_string}\"},\"query-input\":{\"@type\":\"PropertyValueSpecification\",\"valueRequired\":true,\"valueName\":\"search_term_string\"}}],\"inLanguage\":\"pt-PT\"},{\"@type\":\"Organization\",\"@id\":\"https:\\\/\\\/appverde.pt\\\/#organization\",\"name\":\"APPVERDE\",\"url\":\"https:\\\/\\\/appverde.pt\\\/\",\"logo\":{\"@type\":\"ImageObject\",\"inLanguage\":\"pt-PT\",\"@id\":\"https:\\\/\\\/appverde.pt\\\/#\\\/schema\\\/logo\\\/image\\\/\",\"url\":\"https:\\\/\\\/appverde.pt\\\/wp-content\\\/uploads\\\/2022\\\/05\\\/cropped-cropped-Emp_2-removebg-preview-1.png\",\"contentUrl\":\"https:\\\/\\\/appverde.pt\\\/wp-content\\\/uploads\\\/2022\\\/05\\\/cropped-cropped-Emp_2-removebg-preview-1.png\",\"width\":1000,\"height\":930,\"caption\":\"APPVERDE\"},\"image\":{\"@id\":\"https:\\\/\\\/appverde.pt\\\/#\\\/schema\\\/logo\\\/image\\\/\"},\"sameAs\":[\"https:\\\/\\\/www.facebook.com\\\/APPVERDE\\\/\"]}]}<\/script>\n<!-- \/ Yoast SEO plugin. -->","yoast_head_json":{"title":"QUEM SOMOS - APPVIDA","robots":{"index":"index","follow":"follow","max-snippet":"max-snippet:-1","max-image-preview":"max-image-preview:large","max-video-preview":"max-video-preview:-1"},"canonical":"https:\/\/appverde.pt\/?page_id=199","og_locale":"pt_PT","og_type":"article","og_title":"QUEM SOMOS - APPVIDA","og_description":"APPV&#8217;ERDE \u00c9 uma empresa social de inser\u00e7\u00e3o pelo trabalho, com sede na&nbsp;Associa\u00e7\u00e3o Portas P\u2019r\u00e0 Vida, em Lamego, e presta servi\u00e7os de irrepreens\u00edvel qualidade nas \u00e1reas da jardinagem e silvicultura. Dada a natureza da interven\u00e7\u00e3o social e sendo um dos objetivos da sua miss\u00e3o, a inser\u00e7\u00e3o pelo trabalho de pessoas com&hellip;","og_url":"https:\/\/appverde.pt\/?page_id=199","og_site_name":"APPVIDA","article_publisher":"https:\/\/www.facebook.com\/APPVERDE\/","article_modified_time":"2022-06-15T10:46:59+00:00","og_image":[{"url":"http:\/\/appverde.pt\/wp-content\/uploads\/2022\/06\/251808845_876605063219581_4658101651830828983_n-1.jpg","type":"","width":"","height":""}],"twitter_card":"summary_large_image","twitter_misc":{"Tempo estimado de leitura":"2 minutos"},"schema":{"@context":"https:\/\/schema.org","@graph":[{"@type":"WebPage","@id":"https:\/\/appverde.pt\/?page_id=199","url":"https:\/\/appverde.pt\/?page_id=199","name":"QUEM SOMOS - APPVIDA","isPartOf":{"@id":"https:\/\/appverde.pt\/#website"},"primaryImageOfPage":{"@id":"https:\/\/appverde.pt\/?page_id=199#primaryimage"},"image":{"@id":"https:\/\/appverde.pt\/?page_id=199#primaryimage"},"thumbnailUrl":"http:\/\/appverde.pt\/wp-content\/uploads\/2022\/06\/251808845_876605063219581_4658101651830828983_n-1.jpg","datePublished":"2018-02-28T07:02:35+00:00","dateModified":"2022-06-15T10:46:59+00:00","breadcrumb":{"@id":"https:\/\/appverde.pt\/?page_id=199#breadcrumb"},"inLanguage":"pt-PT","potentialAction":[{"@type":"ReadAction","target":["https:\/\/appverde.pt\/?page_id=199"]}]},{"@type":"ImageObject","inLanguage":"pt-PT","@id":"https:\/\/appverde.pt\/?page_id=199#primaryimage","url":"https:\/\/appverde.pt\/wp-content\/uploads\/2022\/06\/251808845_876605063219581_4658101651830828983_n-1.jpg","contentUrl":"https:\/\/appverde.pt\/wp-content\/uploads\/2022\/06\/251808845_876605063219581_4658101651830828983_n-1.jpg","width":1008,"height":756},{"@type":"BreadcrumbList","@id":"https:\/\/appverde.pt\/?page_id=199#breadcrumb","itemListElement":[{"@type":"ListItem","position":1,"name":"In\u00edcio","item":"https:\/\/appverde.pt\/"},{"@type":"ListItem","position":2,"name":"QUEM SOMOS"}]},{"@type":"WebSite","@id":"https:\/\/appverde.pt\/#website","url":"https:\/\/appverde.pt\/","name":"APPVIDA","description":"EMPRESA SOCIAL DE INSER\u00c7\u00c3O PELO TRABALHO","publisher":{"@id":"https:\/\/appverde.pt\/#organization"},"potentialAction":[{"@type":"SearchAction","target":{"@type":"EntryPoint","urlTemplate":"https:\/\/appverde.pt\/?s={search_term_string}"},"query-input":{"@type":"PropertyValueSpecification","valueRequired":true,"valueName":"search_term_string"}}],"inLanguage":"pt-PT"},{"@type":"Organization","@id":"https:\/\/appverde.pt\/#organization","name":"APPVERDE","url":"https:\/\/appverde.pt\/","logo":{"@type":"ImageObject","inLanguage":"pt-PT","@id":"https:\/\/appverde.pt\/#\/schema\/logo\/image\/","url":"https:\/\/appverde.pt\/wp-content\/uploads\/2022\/05\/cropped-cropped-Emp_2-removebg-preview-1.png","contentUrl":"https:\/\/appverde.pt\/wp-content\/uploads\/2022\/05\/cropped-cropped-Emp_2-removebg-preview-1.png","width":1000,"height":930,"caption":"APPVERDE"},"image":{"@id":"https:\/\/appverde.pt\/#\/schema\/logo\/image\/"},"sameAs":["https:\/\/www.facebook.com\/APPVERDE\/"]}]}},"_links":{"self":[{"href":"https:\/\/appverde.pt\/index.php?rest_route=\/wp\/v2\/pages\/199","targetHints":{"allow":["GET"]}}],"collection":[{"href":"https:\/\/appverde.pt\/index.php?rest_route=\/wp\/v2\/pages"}],"about":[{"href":"https:\/\/appverde.pt\/index.php?rest_route=\/wp\/v2\/types\/page"}],"author":[{"embeddable":true,"href":"https:\/\/appverde.pt\/index.php?rest_route=\/wp\/v2\/users\/1"}],"replies":[{"embeddable":true,"href":"https:\/\/appverde.pt\/index.php?rest_route=%2Fwp%2Fv2%2Fcomments&post=199"}],"version-history":[{"count":6,"href":"https:\/\/appverde.pt\/index.php?rest_route=\/wp\/v2\/pages\/199\/revisions"}],"predecessor-version":[{"id":1197,"href":"https:\/\/appverde.pt\/index.php?rest_route=\/wp\/v2\/pages\/199\/revisions\/1197"}],"wp:attachment":[{"href":"https:\/\/appverde.pt\/index.php?rest_route=%2Fwp%2Fv2%2Fmedia&parent=199"}],"curies":[{"name":"wp","href":"https:\/\/api.w.org\/{rel}","templated":true}]}}